{"id":1115,"date":"2025-12-18T11:40:24","date_gmt":"2025-12-18T10:40:24","guid":{"rendered":"https:\/\/konk.pl\/?page_id=1115"},"modified":"2025-12-23T12:30:52","modified_gmt":"2025-12-23T11:30:52","slug":"ksiazki","status":"publish","type":"page","link":"https:\/\/konk.pl\/?page_id=1115","title":{"rendered":"Ksi\u0105\u017cki"},"content":{"rendered":"\n<p><\/p>\n\n\n\n<p><a href=\"https:\/\/maklerska.pl\/ksiegarnia\/4-godzinny-tydzien-pracy\/ref\/konk.education\/\">4 godzinny tydzie\u0144 pracy &#8211; Maklerska.pl<\/a><\/p>\n\n\n\n<p><a href=\"https:\/\/maklerska.pl\/ksiegarnia\/analiza-techniczna-rynkow-finansowych-op-twarda\/ref\/konk.education\/\">Analiza techniczna rynk\u00f3w finansowych &#8211; Maklerska.pl<\/a><\/p>\n\n\n\n<p><a href=\"https:\/\/maklerska.pl\/ksiegarnia\/atomowe-nawyki\/ref\/konk.education\/\">Atomowe nawyki &#8211; Maklerska.pl<\/a><\/p>\n\n\n\n<p><a href=\"https:\/\/maklerska.pl\/ksiegarnia\/austriacka-szkola-ekonomii-dla-inwestorow\/ref\/konk.education\/\">Austriacka Szko\u0142a Ekonomii dla inwestor\u00f3w &#8211; Maklerska.pl<\/a><\/p>\n\n\n\n<p><a href=\"https:\/\/maklerska.pl\/ksiegarnia\/badz-bogaty-teraz\/ref\/konk.education\/\">B\u0105d\u017a bogaty. Teraz! &#8211; Maklerska.pl<\/a><\/p>\n\n\n\n<p><a href=\"https:\/\/maklerska.pl\/ksiegarnia\/behawioralne-determinanty-decyzji-inwestycyjnych-na-rynku-kapitalowym\/ref\/konk.education\/\">Behawioralne determinanty decyzji inwestycyjnych na rynku kapita\u0142owym &#8211; Maklerska.pl<\/a><\/p>\n\n\n\n<p><a href=\"https:\/\/maklerska.pl\/ksiegarnia\/blockchain-przewodnik-po-technologii-lancucha-blokow\/ref\/konk.education\/\">Blockchain. Przewodnik po technologii \u0142a\u0144cucha blok\u00f3w &#8211; Maklerska.pl<\/a><\/p>\n\n\n\n<p><a href=\"https:\/\/maklerska.pl\/ksiegarnia\/bogaty-ojciec-biedny-ojciec\/ref\/konk.education\/\">Bogaty ojciec, biedny ojciec &#8211; Maklerska.pl<\/a><\/p>\n\n\n\n<p><a href=\"https:\/\/maklerska.pl\/ksiegarnia\/czarny-labedz\/ref\/konk.education\/\">Czarny \u0142ab\u0119d\u017a &#8211; Maklerska.pl<\/a><\/p>\n\n\n\n<p><a href=\"https:\/\/maklerska.pl\/ksiegarnia\/day-trading\/ref\/konk.education\/\">Day trading &#8211; Maklerska.pl<\/a><\/p>\n\n\n\n<p><a href=\"https:\/\/maklerska.pl\/ksiegarnia\/demokracja-bog-ktory-zawiodl\/ref\/konk.education\/\">Demokracja &#8211; b\u00f3g, kt\u00f3ry zawi\u00f3d\u0142 &#8211; Maklerska.pl<\/a><\/p>\n\n\n\n<p><a href=\"https:\/\/maklerska.pl\/ksiegarnia\/droga-zolwia-sekretne-metody-dzieki-ktorym-zwykli-ludzie-stali-sie-legendarnymi-traderami\/ref\/konk.education\/\">Droga \u017b\u00f3\u0142wia. Sekretne metody, dzi\u0119ki kt\u00f3rym zwykli ludzie stali si\u0119 legendarnymi traderami &#8211; Maklerska.pl<\/a><\/p>\n\n\n\n<p><a href=\"https:\/\/maklerska.pl\/ksiegarnia\/dziennik-profesjonalnego-gracza-gieldowego\/ref\/konk.education\/\">Dziennik profesjonalnego gracza gie\u0142dowego &#8211; Maklerska.pl<\/a><\/p>\n\n\n\n<p><a href=\"https:\/\/maklerska.pl\/ksiegarnia\/ekonomia-dla-kazdego-2\/ref\/konk.education\/\">Ekonomia dla ka\u017cdego &#8211; Maklerska.pl<\/a><\/p>\n\n\n\n<p><a href=\"https:\/\/maklerska.pl\/ksiegarnia\/elementarz-ekonomii\/ref\/konk.education\/\">Elementarz ekonomii &#8211; Maklerska.pl<\/a><\/p>\n\n\n\n<p><a href=\"https:\/\/maklerska.pl\/ksiegarnia\/geometria-fibonacciego-nowe-ujecie\/ref\/konk.education\/\">Geometria Fibonacciego. Nowe uj\u0119cie &#8211; Maklerska.pl<\/a><\/p>\n\n\n\n<p><a href=\"https:\/\/maklerska.pl\/ksiegarnia\/gielda-papierow-wartosciowych-dla-bystrzakow\/ref\/konk.education\/\">Gie\u0142da Papier\u00f3w Warto\u015bciowych dla bystrzak\u00f3w &#8211; Maklerska.pl<\/a><\/p>\n\n\n\n<p><a href=\"https:\/\/maklerska.pl\/ksiegarnia\/gielda-wolnosc-i-pieniadze-poradnik-spekulanta\/ref\/konk.education\/\">Gie\u0142da, wolno\u015b\u0107 i pieni\u0105dze. Poradnik spekulanta &#8211; Maklerska.pl<\/a><\/p>\n\n\n\n<p><a href=\"https:\/\/maklerska.pl\/ksiegarnia\/gospodarka-za-100-lat\/ref\/konk.education\/\">Gospodarka za 100 lat &#8211; Maklerska.pl<\/a><\/p>\n\n\n\n<p><a href=\"https:\/\/maklerska.pl\/ksiegarnia\/ichimoku-japonska-strategia-inwestycyjna\/ref\/konk.education\/\">Ichimoku &#8211; japo\u0144ska strategia inwestycyjna &#8211; Maklerska.pl<\/a><\/p>\n\n\n\n<p><a href=\"https:\/\/maklerska.pl\/ksiegarnia\/inflacja\/ref\/konk.education\/\">Inflacja&nbsp; &#8211; Maklerska.pl<\/a><\/p>\n\n\n\n<p><a href=\"https:\/\/maklerska.pl\/ksiegarnia\/inteligencja-emocjonalna\/ref\/konk.education\/\">Inteligencja emocjonalna &#8211; Maklerska.pl<\/a><\/p>\n\n\n\n<p><a href=\"https:\/\/maklerska.pl\/ksiegarnia\/inteligentny-inwestor-najlepsza-ksiazka-o-inwestowaniu-wartosciowym\/ref\/konk.education\/\">Inteligentny inwestor. Najlepsza ksi\u0105\u017cka o inwestowaniu warto\u015bciowym &#8211; Maklerska.pl<\/a><\/p>\n\n\n\n<p><a href=\"https:\/\/maklerska.pl\/ksiegarnia\/inwestycyjny-poradnik-bogatego-ojca\/ref\/konk.education\/\">Inwestycyjny poradnik bogatego ojca &#8211; Maklerska.pl<\/a><\/p>\n\n\n\n<p><a href=\"https:\/\/maklerska.pl\/ksiegarnia\/jak-bezpiecznie-i-bez-pospiechu-wejsc-w-swiat-kryptowalut\/ref\/konk.education\/\">Jak bezpiecznie i bez po\u015bpiechu wej\u015b\u0107 w \u015bwiat kryptowalut &#8211; Maklerska.pl<\/a><\/p>\n\n\n\n<p><a href=\"https:\/\/maklerska.pl\/ksiegarnia\/jak-nadazyc-za-kryptowalutami\/ref\/konk.education\/\">Jak nad\u0105\u017cy\u0107 za kryptowalutami &#8211; Maklerska.pl<\/a><\/p>\n\n\n\n<p><a href=\"https:\/\/maklerska.pl\/ksiegarnia\/jak-zarabiac-na-rynku-ktory-zmierza-donikad-aktywne-inwestowanie-w-wartosc\/ref\/konk.education\/\">Jak zarabia\u0107 na rynku, kt\u00f3ry zmierza donik\u0105d.&nbsp;Aktywne inwestowanie w warto\u015b\u0107 &#8211; Maklerska.pl<\/a><\/p>\n\n\n\n<p><a href=\"https:\/\/maklerska.pl\/ksiegarnia\/jak-zarobilem-2-000-000-na-gieldzie-wydanie-ii\/ref\/konk.education\/\">Jak zarobi\u0142em 2 000 000 $ na gie\u0142dzie. Wydanie II &#8211; Maklerska.pl<\/a><\/p>\n\n\n\n<p><a href=\"https:\/\/maklerska.pl\/ksiegarnia\/jednominutowy-menedzer-rownowaga-zycia-i-pracy\/ref\/konk.education\/\">Jednominutowy mened\u017cer R\u00f3wnowaga \u017cycia i pracy &#8211; Maklerska.pl<\/a><\/p>\n\n\n\n<p><a href=\"https:\/\/maklerska.pl\/ksiegarnia\/nowy-jednominutowy-menedzer\/ref\/konk.education\/\">Nowy Jednominutowy Mened\u017cer &#8211; Maklerska.pl<\/a><\/p>\n\n\n\n<p><a href=\"https:\/\/maklerska.pl\/ksiegarnia\/jednominutowy-menedzer-spotyka-malpe\/ref\/konk.education\/\">Jednominutowy Mened\u017cer spotyka ma\u0142p\u0119 &#8211; Maklerska.pl<\/a><\/p>\n\n\n\n<p><a href=\"https:\/\/maklerska.pl\/ksiegarnia\/krok-po-kroku-o-wolnosci-finansowej-i-dostatnim-spelnionym-zyciu\/ref\/konk.education\/\">Krok po kroku. O wolno\u015bci finansowej i dostatnim, spe\u0142nionym \u017cyciu &#8211; Maklerska.pl<\/a><\/p>\n\n\n\n<p><a href=\"https:\/\/maklerska.pl\/ksiegarnia\/kryptowaluty-od-zera\/ref\/konk.education\/\">Kryptowaluty od zera &#8211; Maklerska.pl<\/a><\/p>\n\n\n\n<p><a href=\"https:\/\/maklerska.pl\/ksiegarnia\/kryzysy-walutowe-bankowe-i-zadueniowe-w-gospodarce-wiatowej\/ref\/konk.education\/\">Kryzysy walutowe, bankowe i zad\u0142u\u017ceniowe w gospodarce \u015bwiatowej &#8211; Maklerska.pl<\/a><\/p>\n\n\n\n<p><a href=\"https:\/\/maklerska.pl\/ksiegarnia\/ksiazka-o-inwestowaniu-tom-0\/ref\/konk.education\/\">Ksi\u0105\u017cka o inwestowaniu tom 0 &#8211; Maklerska.pl %<\/a><\/p>\n\n\n\n<p><a href=\"https:\/\/maklerska.pl\/ksiegarnia\/ksiazka-o-inwestowaniu\/ref\/konk.education\/\">Ksi\u0105\u017cka o inwestowaniu tom 1 &#8211; Maklerska.pl<\/a><\/p>\n\n\n\n<p><a href=\"https:\/\/maklerska.pl\/ksiegarnia\/ksiazka-o-inwestowaniu-tom-2\/ref\/konk.education\/\">Ksi\u0105\u017cka o inwestowaniu tom 2 &#8211; Maklerska.pl<\/a><\/p>\n\n\n\n<p><a href=\"https:\/\/maklerska.pl\/ksiegarnia\/lekcje-historii\/ref\/konk.education\/\">Lekcje historii &#8211; Maklerska.pl<\/a><\/p>\n\n\n\n<p><a href=\"https:\/\/maklerska.pl\/ksiegarnia\/miedzynarodowe-unikanie-opodatkowania-dochodu-i-jego-regulacje-w-prawie-polskim\/ref\/konk.education\/\">Mi\u0119dzynarodowe unikanie opodatkowania dochodu i jego regulacje w prawie polskim. Nowe wydanie &#8211; Maklerska.pl<\/a><\/p>\n\n\n\n<p><a href=\"https:\/\/maklerska.pl\/ksiegarnia\/mistrzowie-rynkow-finansowych-rozmowy-z-najlepszymi-amerykanskimi-inwestorami-i-graczami-gieldowymi\/ref\/konk.education\/\">Mistrzowie rynk\u00f3w finansowych &#8211; Maklerska.pl<\/a><\/p>\n\n\n\n<p><a href=\"https:\/\/maklerska.pl\/ksiegarnia\/najwazniejsza-rzecz\/ref\/konk.education\/\">Najwa\u017cniejsza rzecz &#8211; Maklerska.pl<\/a><\/p>\n\n\n\n<p><a href=\"https:\/\/maklerska.pl\/ksiegarnia\/najwiksze-bdy-najlepszych-inwestorw\/ref\/konk.education\/\">Najwi\u0119ksze b\u0142\u0119dy najlepszych inwestor\u00f3w &#8211; Maklerska.pl<\/a><\/p>\n\n\n\n<p><a href=\"https:\/\/maklerska.pl\/ksiegarnia\/niezwykle-zludzenia-i-szalenstwa-tlumow\/ref\/konk.education\/\">Niezwyk\u0142e z\u0142udzenia i szale\u0144stwa t\u0142um\u00f3w &#8211; Maklerska.pl<\/a><\/p>\n\n\n\n<p><a href=\"https:\/\/maklerska.pl\/ksiegarnia\/obudz-w-sobie-olbrzyma\/ref\/konk.education\/\">Obud\u017a w sobie olbrzyma &#8211; Maklerska.pl<\/a><\/p>\n\n\n\n<p><a href=\"https:\/\/maklerska.pl\/ksiegarnia\/podrecznik-pasywnego-inwestowania\/ref\/konk.education\/\">Podr\u0119cznik pasywnego inwestowania &#8211; Maklerska.pl<\/a><\/p>\n\n\n\n<p><a href=\"https:\/\/maklerska.pl\/ksiegarnia\/spekulacja-intuicyjna\/ref\/konk.education\/\">Spekulacja intuicyjna &#8211; Maklerska.pl<\/a><\/p>\n\n\n\n<p><a href=\"https:\/\/maklerska.pl\/ksiegarnia\/standard-bitcoina\/ref\/konk.education\/\">Standard Bitcoina &#8211; Maklerska.pl<\/a><\/p>\n\n\n\n<p><a href=\"https:\/\/maklerska.pl\/ksiegarnia\/uniwersalne-zasady-spekulacji\/ref\/konk.education\/\">Uniwersalne zasady spekulacji &#8211; Maklerska.pl<\/a><\/p>\n\n\n\n<p><a href=\"https:\/\/maklerska.pl\/ksiegarnia\/wladca-finansow-fantastyczny-przewodnik-po-finansach-osobistych\/ref\/konk.education\/\">W\u0142adca finans\u00f3w. Fantastyczny przewodnik po finansach osobistych &#8211; Maklerska.pl<\/a><\/p>\n\n\n\n<p><\/p>\n","protected":false},"excerpt":{"rendered":"<p>4 godzinny tydzie\u0144 pracy &#8211; Maklerska.pl Analiza techniczna rynk\u00f3w finansowych &#8211; Maklerska.pl Atomowe nawyki &#8211; Maklerska.pl Austriacka Szko\u0142a Ekonomii dla<\/p>\n","protected":false},"author":1,"featured_media":0,"parent":0,"menu_order":0,"comment_status":"closed","ping_status":"closed","template":"","meta":{"colormag_page_layout":"default_layout","footnotes":""},"class_list":["post-1115","page","type-page","status-publish","hentry"],"aioseo_notices":[],"_links":{"self":[{"href":"https:\/\/konk.pl\/index.php?rest_route=\/wp\/v2\/pages\/1115","targetHints":{"allow":["GET"]}}],"collection":[{"href":"https:\/\/konk.pl\/index.php?rest_route=\/wp\/v2\/pages"}],"about":[{"href":"https:\/\/konk.pl\/index.php?rest_route=\/wp\/v2\/types\/page"}],"author":[{"embeddable":true,"href":"https:\/\/konk.pl\/index.php?rest_route=\/wp\/v2\/users\/1"}],"replies":[{"embeddable":true,"href":"https:\/\/konk.pl\/index.php?rest_route=%2Fwp%2Fv2%2Fcomments&post=1115"}],"version-history":[{"count":5,"href":"https:\/\/konk.pl\/index.php?rest_route=\/wp\/v2\/pages\/1115\/revisions"}],"predecessor-version":[{"id":1128,"href":"https:\/\/konk.pl\/index.php?rest_route=\/wp\/v2\/pages\/1115\/revisions\/1128"}],"wp:attachment":[{"href":"https:\/\/konk.pl\/index.php?rest_route=%2Fwp%2Fv2%2Fmedia&parent=1115"}],"curies":[{"name":"wp","href":"https:\/\/api.w.org\/{rel}","templated":true}]}}